{"id":6574,"date":"2025-12-03T15:48:53","date_gmt":"2025-12-03T14:48:53","guid":{"rendered":"https:\/\/event.visitardenne.com\/?page_id=6574"},"modified":"2025-12-17T11:13:56","modified_gmt":"2025-12-17T10:13:56","slug":"photos-videos","status":"publish","type":"page","link":"https:\/\/event.visitardenne.com\/?page_id=6574","title":{"rendered":"PHOTOS &#038; VID\u00c9OS"},"content":{"rendered":"<div class=\"wpb-content-wrapper\"><p>[vc_row][vc_column][vc_column_text css=\u00a0\u00bb\u00a0\u00bb]<\/p>\n<h3>Parce qu&rsquo;une \u00e9chapp\u00e9e, \u00e7a se fait ensemble !<\/h3>\n<p>Retrouvez ici, quelques uns des plus beaux clich\u00e9s que nous avons pris pour immortaliser cette \u00e9dition sp\u00e9ciale.<br \/>\nL&rsquo;ensemble des photos sera mis en ligne dans la m\u00e9diath\u00e8que pour les adh\u00e9rents de la marque Ardenne.[\/vc_column_text][vc_gallery type=\u00a0\u00bbimage_grid\u00a0\u00bb images=\u00a0\u00bb6600,6601,6602,6604,6605,6606,6607,6608,6610,6611,6612,6613,6614,6615,6618,6619,6620,6621,6622,6631,6633,6635,6636,6637,6640,6623,6626,6641,6642,6627,6629,6643,6644,6630,6617,6616&Prime; onclick=\u00a0\u00bbimg_link_large\u00a0\u00bb css=\u00a0\u00bb\u00a0\u00bb][\/vc_column][\/vc_row][vc_row][vc_column][vc_video link=\u00a0\u00bbhttps:\/\/youtube.com\/shorts\/MSyLYsBO5oU?feature=share\u00a0\u00bb css=\u00a0\u00bb\u00a0\u00bb][\/vc_column][\/vc_row]<\/p>\n<\/div>","protected":false},"excerpt":{"rendered":"<p>[vc_row][vc_column][vc_column_text css=\u00a0\u00bb\u00a0\u00bb] Parce qu&rsquo;une \u00e9chapp\u00e9e, \u00e7a se fait ensemble ! Retrouvez ici, quelques uns des plus beaux clich\u00e9s que nous avons pris pour immortaliser cette \u00e9dition sp\u00e9ciale. L&rsquo;ensemble des photos sera mis en ligne dans la m\u00e9diath\u00e8que pour les adh\u00e9rents&#8230;<\/p>\n","protected":false},"author":2,"featured_media":6667,"parent":0,"menu_order":0,"comment_status":"closed","ping_status":"closed","template":"","meta":{"footnotes":""},"class_list":["post-6574","page","type-page","status-publish","has-post-thumbnail","hentry"],"yoast_head":"<!-- This site is optimized with the Yoast SEO plugin v26.0 - https:\/\/yoast.com\/wordpress\/plugins\/seo\/ -->\n<title>PHOTOS &amp; VID\u00c9OS - Les \u00e9v\u00e8nements de l&#039;Ardenne<\/title>\n<meta name=\"robots\" content=\"index, follow, max-snippet:-1, max-image-preview:large, max-video-preview:-1\" \/>\n<link rel=\"canonical\" href=\"https:\/\/event.visitardenne.com\/?page_id=6574\" \/>\n<meta property=\"og:locale\" content=\"fr_FR\" \/>\n<meta property=\"og:type\" content=\"article\" \/>\n<meta property=\"og:title\" content=\"PHOTOS &amp; VID\u00c9OS - Les \u00e9v\u00e8nements de l&#039;Ardenne\" \/>\n<meta property=\"og:description\" content=\"[vc_row][vc_column][vc_column_text css=\u00a0\u00bb\u00a0\u00bb] Parce qu&rsquo;une \u00e9chapp\u00e9e, \u00e7a se fait ensemble ! Retrouvez ici, quelques uns des plus beaux clich\u00e9s que nous avons pris pour immortaliser cette \u00e9dition sp\u00e9ciale. L&rsquo;ensemble des photos sera mis en ligne dans la m\u00e9diath\u00e8que pour les adh\u00e9rents...\" \/>\n<meta property=\"og:url\" content=\"https:\/\/event.visitardenne.com\/?page_id=6574\" \/>\n<meta property=\"og:site_name\" content=\"Les \u00e9v\u00e8nements de l&#039;Ardenne\" \/>\n<meta property=\"article:modified_time\" content=\"2025-12-17T10:13:56+00:00\" \/>\n<meta property=\"og:image\" content=\"https:\/\/event.visitardenne.com\/wp-content\/uploads\/2025\/12\/vignettes-PHOTOS-et-videos.png\" \/>\n\t<meta property=\"og:image:width\" content=\"350\" \/>\n\t<meta property=\"og:image:height\" content=\"350\" \/>\n\t<meta property=\"og:image:type\" content=\"image\/png\" \/>\n<meta name=\"twitter:card\" content=\"summary_large_image\" \/>\n<meta name=\"twitter:label1\" content=\"Dur\u00e9e de lecture estim\u00e9e\" \/>\n\t<meta name=\"twitter:data1\" content=\"1 minute\" \/>\n<script type=\"application\/ld+json\" class=\"yoast-schema-graph\">{\"@context\":\"https:\/\/schema.org\",\"@graph\":[{\"@type\":\"WebPage\",\"@id\":\"https:\/\/event.visitardenne.com\/?page_id=6574\",\"url\":\"https:\/\/event.visitardenne.com\/?page_id=6574\",\"name\":\"PHOTOS & VID\u00c9OS - Les \u00e9v\u00e8nements de l&#039;Ardenne\",\"isPartOf\":{\"@id\":\"https:\/\/event.visitardenne.com\/#website\"},\"primaryImageOfPage\":{\"@id\":\"https:\/\/event.visitardenne.com\/?page_id=6574#primaryimage\"},\"image\":{\"@id\":\"https:\/\/event.visitardenne.com\/?page_id=6574#primaryimage\"},\"thumbnailUrl\":\"https:\/\/event.visitardenne.com\/wp-content\/uploads\/2025\/12\/vignettes-PHOTOS-et-videos.png\",\"datePublished\":\"2025-12-03T14:48:53+00:00\",\"dateModified\":\"2025-12-17T10:13:56+00:00\",\"breadcrumb\":{\"@id\":\"https:\/\/event.visitardenne.com\/?page_id=6574#breadcrumb\"},\"inLanguage\":\"fr-FR\",\"potentialAction\":[{\"@type\":\"ReadAction\",\"target\":[\"https:\/\/event.visitardenne.com\/?page_id=6574\"]}]},{\"@type\":\"ImageObject\",\"inLanguage\":\"fr-FR\",\"@id\":\"https:\/\/event.visitardenne.com\/?page_id=6574#primaryimage\",\"url\":\"https:\/\/event.visitardenne.com\/wp-content\/uploads\/2025\/12\/vignettes-PHOTOS-et-videos.png\",\"contentUrl\":\"https:\/\/event.visitardenne.com\/wp-content\/uploads\/2025\/12\/vignettes-PHOTOS-et-videos.png\",\"width\":350,\"height\":350},{\"@type\":\"BreadcrumbList\",\"@id\":\"https:\/\/event.visitardenne.com\/?page_id=6574#breadcrumb\",\"itemListElement\":[{\"@type\":\"ListItem\",\"position\":1,\"name\":\"Accueil\",\"item\":\"https:\/\/event.visitardenne.com\/\"},{\"@type\":\"ListItem\",\"position\":2,\"name\":\"PHOTOS &#038; VID\u00c9OS\"}]},{\"@type\":\"WebSite\",\"@id\":\"https:\/\/event.visitardenne.com\/#website\",\"url\":\"https:\/\/event.visitardenne.com\/\",\"name\":\"Les \u00e9v\u00e8nements de l'Ardenne\",\"description\":\"\",\"publisher\":{\"@id\":\"https:\/\/event.visitardenne.com\/#organization\"},\"potentialAction\":[{\"@type\":\"SearchAction\",\"target\":{\"@type\":\"EntryPoint\",\"urlTemplate\":\"https:\/\/event.visitardenne.com\/?s={search_term_string}\"},\"query-input\":{\"@type\":\"PropertyValueSpecification\",\"valueRequired\":true,\"valueName\":\"search_term_string\"}}],\"inLanguage\":\"fr-FR\"},{\"@type\":\"Organization\",\"@id\":\"https:\/\/event.visitardenne.com\/#organization\",\"name\":\"Les Rencontres de l'Ardenne \\\" La Grande \u00c9chapp\u00e9e\\\"\",\"url\":\"https:\/\/event.visitardenne.com\/\",\"logo\":{\"@type\":\"ImageObject\",\"inLanguage\":\"fr-FR\",\"@id\":\"https:\/\/event.visitardenne.com\/#\/schema\/logo\/image\/\",\"url\":\"https:\/\/event.visitardenne.com\/wp-content\/uploads\/2025\/06\/logo-RDA-scaled.png\",\"contentUrl\":\"https:\/\/event.visitardenne.com\/wp-content\/uploads\/2025\/06\/logo-RDA-scaled.png\",\"width\":2560,\"height\":994,\"caption\":\"Les Rencontres de l'Ardenne \\\" La Grande \u00c9chapp\u00e9e\\\"\"},\"image\":{\"@id\":\"https:\/\/event.visitardenne.com\/#\/schema\/logo\/image\/\"}}]}<\/script>\n<!-- \/ Yoast SEO plugin. -->","yoast_head_json":{"title":"PHOTOS & VID\u00c9OS - Les \u00e9v\u00e8nements de l&#039;Ardenne","robots":{"index":"index","follow":"follow","max-snippet":"max-snippet:-1","max-image-preview":"max-image-preview:large","max-video-preview":"max-video-preview:-1"},"canonical":"https:\/\/event.visitardenne.com\/?page_id=6574","og_locale":"fr_FR","og_type":"article","og_title":"PHOTOS & VID\u00c9OS - Les \u00e9v\u00e8nements de l&#039;Ardenne","og_description":"[vc_row][vc_column][vc_column_text css=\u00a0\u00bb\u00a0\u00bb] Parce qu&rsquo;une \u00e9chapp\u00e9e, \u00e7a se fait ensemble ! Retrouvez ici, quelques uns des plus beaux clich\u00e9s que nous avons pris pour immortaliser cette \u00e9dition sp\u00e9ciale. L&rsquo;ensemble des photos sera mis en ligne dans la m\u00e9diath\u00e8que pour les adh\u00e9rents...","og_url":"https:\/\/event.visitardenne.com\/?page_id=6574","og_site_name":"Les \u00e9v\u00e8nements de l&#039;Ardenne","article_modified_time":"2025-12-17T10:13:56+00:00","og_image":[{"width":350,"height":350,"url":"https:\/\/event.visitardenne.com\/wp-content\/uploads\/2025\/12\/vignettes-PHOTOS-et-videos.png","type":"image\/png"}],"twitter_card":"summary_large_image","twitter_misc":{"Dur\u00e9e de lecture estim\u00e9e":"1 minute"},"schema":{"@context":"https:\/\/schema.org","@graph":[{"@type":"WebPage","@id":"https:\/\/event.visitardenne.com\/?page_id=6574","url":"https:\/\/event.visitardenne.com\/?page_id=6574","name":"PHOTOS & VID\u00c9OS - Les \u00e9v\u00e8nements de l&#039;Ardenne","isPartOf":{"@id":"https:\/\/event.visitardenne.com\/#website"},"primaryImageOfPage":{"@id":"https:\/\/event.visitardenne.com\/?page_id=6574#primaryimage"},"image":{"@id":"https:\/\/event.visitardenne.com\/?page_id=6574#primaryimage"},"thumbnailUrl":"https:\/\/event.visitardenne.com\/wp-content\/uploads\/2025\/12\/vignettes-PHOTOS-et-videos.png","datePublished":"2025-12-03T14:48:53+00:00","dateModified":"2025-12-17T10:13:56+00:00","breadcrumb":{"@id":"https:\/\/event.visitardenne.com\/?page_id=6574#breadcrumb"},"inLanguage":"fr-FR","potentialAction":[{"@type":"ReadAction","target":["https:\/\/event.visitardenne.com\/?page_id=6574"]}]},{"@type":"ImageObject","inLanguage":"fr-FR","@id":"https:\/\/event.visitardenne.com\/?page_id=6574#primaryimage","url":"https:\/\/event.visitardenne.com\/wp-content\/uploads\/2025\/12\/vignettes-PHOTOS-et-videos.png","contentUrl":"https:\/\/event.visitardenne.com\/wp-content\/uploads\/2025\/12\/vignettes-PHOTOS-et-videos.png","width":350,"height":350},{"@type":"BreadcrumbList","@id":"https:\/\/event.visitardenne.com\/?page_id=6574#breadcrumb","itemListElement":[{"@type":"ListItem","position":1,"name":"Accueil","item":"https:\/\/event.visitardenne.com\/"},{"@type":"ListItem","position":2,"name":"PHOTOS &#038; VID\u00c9OS"}]},{"@type":"WebSite","@id":"https:\/\/event.visitardenne.com\/#website","url":"https:\/\/event.visitardenne.com\/","name":"Les \u00e9v\u00e8nements de l'Ardenne","description":"","publisher":{"@id":"https:\/\/event.visitardenne.com\/#organization"},"potentialAction":[{"@type":"SearchAction","target":{"@type":"EntryPoint","urlTemplate":"https:\/\/event.visitardenne.com\/?s={search_term_string}"},"query-input":{"@type":"PropertyValueSpecification","valueRequired":true,"valueName":"search_term_string"}}],"inLanguage":"fr-FR"},{"@type":"Organization","@id":"https:\/\/event.visitardenne.com\/#organization","name":"Les Rencontres de l'Ardenne \" La Grande \u00c9chapp\u00e9e\"","url":"https:\/\/event.visitardenne.com\/","logo":{"@type":"ImageObject","inLanguage":"fr-FR","@id":"https:\/\/event.visitardenne.com\/#\/schema\/logo\/image\/","url":"https:\/\/event.visitardenne.com\/wp-content\/uploads\/2025\/06\/logo-RDA-scaled.png","contentUrl":"https:\/\/event.visitardenne.com\/wp-content\/uploads\/2025\/06\/logo-RDA-scaled.png","width":2560,"height":994,"caption":"Les Rencontres de l'Ardenne \" La Grande \u00c9chapp\u00e9e\""},"image":{"@id":"https:\/\/event.visitardenne.com\/#\/schema\/logo\/image\/"}}]}},"_links":{"self":[{"href":"https:\/\/event.visitardenne.com\/index.php?rest_route=\/wp\/v2\/pages\/6574","targetHints":{"allow":["GET"]}}],"collection":[{"href":"https:\/\/event.visitardenne.com\/index.php?rest_route=\/wp\/v2\/pages"}],"about":[{"href":"https:\/\/event.visitardenne.com\/index.php?rest_route=\/wp\/v2\/types\/page"}],"author":[{"embeddable":true,"href":"https:\/\/event.visitardenne.com\/index.php?rest_route=\/wp\/v2\/users\/2"}],"replies":[{"embeddable":true,"href":"https:\/\/event.visitardenne.com\/index.php?rest_route=%2Fwp%2Fv2%2Fcomments&post=6574"}],"version-history":[{"count":7,"href":"https:\/\/event.visitardenne.com\/index.php?rest_route=\/wp\/v2\/pages\/6574\/revisions"}],"predecessor-version":[{"id":6697,"href":"https:\/\/event.visitardenne.com\/index.php?rest_route=\/wp\/v2\/pages\/6574\/revisions\/6697"}],"wp:featuredmedia":[{"embeddable":true,"href":"https:\/\/event.visitardenne.com\/index.php?rest_route=\/wp\/v2\/media\/6667"}],"wp:attachment":[{"href":"https:\/\/event.visitardenne.com\/index.php?rest_route=%2Fwp%2Fv2%2Fmedia&parent=6574"}],"curies":[{"name":"wp","href":"https:\/\/api.w.org\/{rel}","templated":true}]}}