{"id":6568,"date":"2025-12-03T10:07:57","date_gmt":"2025-12-03T09:07:57","guid":{"rendered":"https:\/\/event.visitardenne.com\/?page_id=6568"},"modified":"2025-12-05T14:09:26","modified_gmt":"2025-12-05T13:09:26","slug":"edition-2025","status":"publish","type":"page","link":"https:\/\/event.visitardenne.com\/?page_id=6568","title":{"rendered":"\u00c9DITION 2025"},"content":{"rendered":"<div class=\"wpb-content-wrapper\"><p>[vc_row][vc_column][vc_column_text css=\u00a0\u00bb\u00a0\u00bb]<\/p>\n<h3>L&rsquo;\u00e9dition 2025 : Une \u00e9dition m\u00e9morable<\/h3>\n<h4>Retrouvez ici tout ce qui a marqu\u00e9 cette \u00e9dition si sp\u00e9ciale des Rencontres de l&rsquo;Ardenne &#8211; La Grande \u00c9chapp\u00e9e.<\/h4>\n<p>Une \u00e9dition marqu\u00e9e par un programme r\u00e9unissant des intervenants motiv\u00e9s, des animateurs dynamiques, des exposants qui ont enrichis chaque temps de pause, et une superbe soir\u00e9e de gala.<\/p>\n<p>Vous pouvez ainsi t\u00e9l\u00e9charger l&rsquo;ensemble des pr\u00e9sentations des ateliers qui vous ont le plus plu durant ces deux jours, ainsi que quelques photos ![\/vc_column_text][\/vc_column][\/vc_row][vc_row background-position=\u00a0\u00bbcenter-center\u00a0\u00bb][vc_column width=\u00a0\u00bb1\/4&Prime;][vc_basic_grid post_type=\u00a0\u00bbpage\u00a0\u00bb max_items=\u00a0\u00bb1&Prime; element_width=\u00a0\u00bb12&Prime; orderby=\u00a0\u00bbrand\u00a0\u00bb order=\u00a0\u00bbASC\u00a0\u00bb item=\u00a0\u00bb4323&Prime; initial_loading_animation=\u00a0\u00bbnone\u00a0\u00bb css=\u00a0\u00bb\u00a0\u00bb grid_id=\u00a0\u00bbvc_gid:1764940108364-7a618ded-c3d1-6&Prime; exclude=\u00a0\u00bb1096, 1259, 4776, 1092, 6576, 6574, 6568&Prime;][\/vc_column][vc_column width=\u00a0\u00bb1\/4&Prime;][vc_basic_grid post_type=\u00a0\u00bbpage\u00a0\u00bb max_items=\u00a0\u00bb1&Prime; element_width=\u00a0\u00bb12&Prime; orderby=\u00a0\u00bbrand\u00a0\u00bb order=\u00a0\u00bbASC\u00a0\u00bb item=\u00a0\u00bb4323&Prime; initial_loading_animation=\u00a0\u00bbnone\u00a0\u00bb css=\u00a0\u00bb\u00a0\u00bb grid_id=\u00a0\u00bbvc_gid:1764940108365-ecad054c-e0b0-3&Prime; exclude=\u00a0\u00bb5770, 1096, 1259, 4776, 1092, 6576, 6568&Prime;][\/vc_column][vc_column width=\u00a0\u00bb1\/4&Prime;][vc_basic_grid post_type=\u00a0\u00bbpage\u00a0\u00bb max_items=\u00a0\u00bb1&Prime; element_width=\u00a0\u00bb12&Prime; orderby=\u00a0\u00bbmenu_order\u00a0\u00bb order=\u00a0\u00bbASC\u00a0\u00bb item=\u00a0\u00bb4323&Prime; initial_loading_animation=\u00a0\u00bbnone\u00a0\u00bb css=\u00a0\u00bb\u00a0\u00bb grid_id=\u00a0\u00bbvc_gid:1764940108365-ff5e5f97-a0ec-6&Prime; exclude=\u00a0\u00bb4114, 5770, 1259, 4776, 1092, 6574, 1096&Prime;][\/vc_column][vc_column width=\u00a0\u00bb1\/4&Prime;][vc_basic_grid post_type=\u00a0\u00bbpage\u00a0\u00bb max_items=\u00a0\u00bb1&Prime; element_width=\u00a0\u00bb12&Prime; orderby=\u00a0\u00bbmenu_order\u00a0\u00bb order=\u00a0\u00bbASC\u00a0\u00bb item=\u00a0\u00bb4323&Prime; initial_loading_animation=\u00a0\u00bbnone\u00a0\u00bb css=\u00a0\u00bb\u00a0\u00bb grid_id=\u00a0\u00bbvc_gid:1764940108366-6b8bf743-573d-4&Prime; exclude=\u00a0\u00bb4114, 5770, 1259, 4776, 1092, 6574, 6576&Prime;][\/vc_column][\/vc_row]<\/p>\n<\/div>","protected":false},"excerpt":{"rendered":"<p>[vc_row][vc_column][vc_column_text css=\u00a0\u00bb\u00a0\u00bb] L&rsquo;\u00e9dition 2025 : Une \u00e9dition m\u00e9morable Retrouvez ici tout ce qui a marqu\u00e9 cette \u00e9dition si sp\u00e9ciale des Rencontres de l&rsquo;Ardenne &#8211; La Grande \u00c9chapp\u00e9e. Une \u00e9dition marqu\u00e9e par un programme r\u00e9unissant des intervenants motiv\u00e9s, des animateurs dynamiques,&#8230;<\/p>\n","protected":false},"author":2,"featured_media":0,"parent":0,"menu_order":0,"comment_status":"closed","ping_status":"closed","template":"","meta":{"footnotes":""},"class_list":["post-6568","page","type-page","status-publish","hentry"],"yoast_head":"<!-- This site is optimized with the Yoast SEO plugin v26.0 - https:\/\/yoast.com\/wordpress\/plugins\/seo\/ -->\n<title>\u00c9DITION 2025 - Les \u00e9v\u00e8nements de l&#039;Ardenne<\/title>\n<meta name=\"robots\" content=\"index, follow, max-snippet:-1, max-image-preview:large, max-video-preview:-1\" \/>\n<link rel=\"canonical\" href=\"https:\/\/event.visitardenne.com\/?page_id=6568\" \/>\n<meta property=\"og:locale\" content=\"fr_FR\" \/>\n<meta property=\"og:type\" content=\"article\" \/>\n<meta property=\"og:title\" content=\"\u00c9DITION 2025 - Les \u00e9v\u00e8nements de l&#039;Ardenne\" \/>\n<meta property=\"og:description\" content=\"[vc_row][vc_column][vc_column_text css=\u00a0\u00bb\u00a0\u00bb] L&rsquo;\u00e9dition 2025 : Une \u00e9dition m\u00e9morable Retrouvez ici tout ce qui a marqu\u00e9 cette \u00e9dition si sp\u00e9ciale des Rencontres de l&rsquo;Ardenne &#8211; La Grande \u00c9chapp\u00e9e. Une \u00e9dition marqu\u00e9e par un programme r\u00e9unissant des intervenants motiv\u00e9s, des animateurs dynamiques,...\" \/>\n<meta property=\"og:url\" content=\"https:\/\/event.visitardenne.com\/?page_id=6568\" \/>\n<meta property=\"og:site_name\" content=\"Les \u00e9v\u00e8nements de l&#039;Ardenne\" \/>\n<meta property=\"article:modified_time\" content=\"2025-12-05T13:09:26+00:00\" \/>\n<meta name=\"twitter:card\" content=\"summary_large_image\" \/>\n<meta name=\"twitter:label1\" content=\"Dur\u00e9e de lecture estim\u00e9e\" \/>\n\t<meta name=\"twitter:data1\" content=\"1 minute\" \/>\n<script type=\"application\/ld+json\" class=\"yoast-schema-graph\">{\"@context\":\"https:\/\/schema.org\",\"@graph\":[{\"@type\":\"WebPage\",\"@id\":\"https:\/\/event.visitardenne.com\/?page_id=6568\",\"url\":\"https:\/\/event.visitardenne.com\/?page_id=6568\",\"name\":\"\u00c9DITION 2025 - Les \u00e9v\u00e8nements de l&#039;Ardenne\",\"isPartOf\":{\"@id\":\"https:\/\/event.visitardenne.com\/#website\"},\"datePublished\":\"2025-12-03T09:07:57+00:00\",\"dateModified\":\"2025-12-05T13:09:26+00:00\",\"breadcrumb\":{\"@id\":\"https:\/\/event.visitardenne.com\/?page_id=6568#breadcrumb\"},\"inLanguage\":\"fr-FR\",\"potentialAction\":[{\"@type\":\"ReadAction\",\"target\":[\"https:\/\/event.visitardenne.com\/?page_id=6568\"]}]},{\"@type\":\"BreadcrumbList\",\"@id\":\"https:\/\/event.visitardenne.com\/?page_id=6568#breadcrumb\",\"itemListElement\":[{\"@type\":\"ListItem\",\"position\":1,\"name\":\"Accueil\",\"item\":\"https:\/\/event.visitardenne.com\/\"},{\"@type\":\"ListItem\",\"position\":2,\"name\":\"\u00c9DITION 2025\"}]},{\"@type\":\"WebSite\",\"@id\":\"https:\/\/event.visitardenne.com\/#website\",\"url\":\"https:\/\/event.visitardenne.com\/\",\"name\":\"Les \u00e9v\u00e8nements de l'Ardenne\",\"description\":\"\",\"publisher\":{\"@id\":\"https:\/\/event.visitardenne.com\/#organization\"},\"potentialAction\":[{\"@type\":\"SearchAction\",\"target\":{\"@type\":\"EntryPoint\",\"urlTemplate\":\"https:\/\/event.visitardenne.com\/?s={search_term_string}\"},\"query-input\":{\"@type\":\"PropertyValueSpecification\",\"valueRequired\":true,\"valueName\":\"search_term_string\"}}],\"inLanguage\":\"fr-FR\"},{\"@type\":\"Organization\",\"@id\":\"https:\/\/event.visitardenne.com\/#organization\",\"name\":\"Les Rencontres de l'Ardenne \\\" La Grande \u00c9chapp\u00e9e\\\"\",\"url\":\"https:\/\/event.visitardenne.com\/\",\"logo\":{\"@type\":\"ImageObject\",\"inLanguage\":\"fr-FR\",\"@id\":\"https:\/\/event.visitardenne.com\/#\/schema\/logo\/image\/\",\"url\":\"https:\/\/event.visitardenne.com\/wp-content\/uploads\/2025\/06\/logo-RDA-scaled.png\",\"contentUrl\":\"https:\/\/event.visitardenne.com\/wp-content\/uploads\/2025\/06\/logo-RDA-scaled.png\",\"width\":2560,\"height\":994,\"caption\":\"Les Rencontres de l'Ardenne \\\" La Grande \u00c9chapp\u00e9e\\\"\"},\"image\":{\"@id\":\"https:\/\/event.visitardenne.com\/#\/schema\/logo\/image\/\"}}]}<\/script>\n<!-- \/ Yoast SEO plugin. -->","yoast_head_json":{"title":"\u00c9DITION 2025 - Les \u00e9v\u00e8nements de l&#039;Ardenne","robots":{"index":"index","follow":"follow","max-snippet":"max-snippet:-1","max-image-preview":"max-image-preview:large","max-video-preview":"max-video-preview:-1"},"canonical":"https:\/\/event.visitardenne.com\/?page_id=6568","og_locale":"fr_FR","og_type":"article","og_title":"\u00c9DITION 2025 - Les \u00e9v\u00e8nements de l&#039;Ardenne","og_description":"[vc_row][vc_column][vc_column_text css=\u00a0\u00bb\u00a0\u00bb] L&rsquo;\u00e9dition 2025 : Une \u00e9dition m\u00e9morable Retrouvez ici tout ce qui a marqu\u00e9 cette \u00e9dition si sp\u00e9ciale des Rencontres de l&rsquo;Ardenne &#8211; La Grande \u00c9chapp\u00e9e. Une \u00e9dition marqu\u00e9e par un programme r\u00e9unissant des intervenants motiv\u00e9s, des animateurs dynamiques,...","og_url":"https:\/\/event.visitardenne.com\/?page_id=6568","og_site_name":"Les \u00e9v\u00e8nements de l&#039;Ardenne","article_modified_time":"2025-12-05T13:09:26+00:00","twitter_card":"summary_large_image","twitter_misc":{"Dur\u00e9e de lecture estim\u00e9e":"1 minute"},"schema":{"@context":"https:\/\/schema.org","@graph":[{"@type":"WebPage","@id":"https:\/\/event.visitardenne.com\/?page_id=6568","url":"https:\/\/event.visitardenne.com\/?page_id=6568","name":"\u00c9DITION 2025 - Les \u00e9v\u00e8nements de l&#039;Ardenne","isPartOf":{"@id":"https:\/\/event.visitardenne.com\/#website"},"datePublished":"2025-12-03T09:07:57+00:00","dateModified":"2025-12-05T13:09:26+00:00","breadcrumb":{"@id":"https:\/\/event.visitardenne.com\/?page_id=6568#breadcrumb"},"inLanguage":"fr-FR","potentialAction":[{"@type":"ReadAction","target":["https:\/\/event.visitardenne.com\/?page_id=6568"]}]},{"@type":"BreadcrumbList","@id":"https:\/\/event.visitardenne.com\/?page_id=6568#breadcrumb","itemListElement":[{"@type":"ListItem","position":1,"name":"Accueil","item":"https:\/\/event.visitardenne.com\/"},{"@type":"ListItem","position":2,"name":"\u00c9DITION 2025"}]},{"@type":"WebSite","@id":"https:\/\/event.visitardenne.com\/#website","url":"https:\/\/event.visitardenne.com\/","name":"Les \u00e9v\u00e8nements de l'Ardenne","description":"","publisher":{"@id":"https:\/\/event.visitardenne.com\/#organization"},"potentialAction":[{"@type":"SearchAction","target":{"@type":"EntryPoint","urlTemplate":"https:\/\/event.visitardenne.com\/?s={search_term_string}"},"query-input":{"@type":"PropertyValueSpecification","valueRequired":true,"valueName":"search_term_string"}}],"inLanguage":"fr-FR"},{"@type":"Organization","@id":"https:\/\/event.visitardenne.com\/#organization","name":"Les Rencontres de l'Ardenne \" La Grande \u00c9chapp\u00e9e\"","url":"https:\/\/event.visitardenne.com\/","logo":{"@type":"ImageObject","inLanguage":"fr-FR","@id":"https:\/\/event.visitardenne.com\/#\/schema\/logo\/image\/","url":"https:\/\/event.visitardenne.com\/wp-content\/uploads\/2025\/06\/logo-RDA-scaled.png","contentUrl":"https:\/\/event.visitardenne.com\/wp-content\/uploads\/2025\/06\/logo-RDA-scaled.png","width":2560,"height":994,"caption":"Les Rencontres de l'Ardenne \" La Grande \u00c9chapp\u00e9e\""},"image":{"@id":"https:\/\/event.visitardenne.com\/#\/schema\/logo\/image\/"}}]}},"_links":{"self":[{"href":"https:\/\/event.visitardenne.com\/index.php?rest_route=\/wp\/v2\/pages\/6568","targetHints":{"allow":["GET"]}}],"collection":[{"href":"https:\/\/event.visitardenne.com\/index.php?rest_route=\/wp\/v2\/pages"}],"about":[{"href":"https:\/\/event.visitardenne.com\/index.php?rest_route=\/wp\/v2\/types\/page"}],"author":[{"embeddable":true,"href":"https:\/\/event.visitardenne.com\/index.php?rest_route=\/wp\/v2\/users\/2"}],"replies":[{"embeddable":true,"href":"https:\/\/event.visitardenne.com\/index.php?rest_route=%2Fwp%2Fv2%2Fcomments&post=6568"}],"version-history":[{"count":15,"href":"https:\/\/event.visitardenne.com\/index.php?rest_route=\/wp\/v2\/pages\/6568\/revisions"}],"predecessor-version":[{"id":6678,"href":"https:\/\/event.visitardenne.com\/index.php?rest_route=\/wp\/v2\/pages\/6568\/revisions\/6678"}],"wp:attachment":[{"href":"https:\/\/event.visitardenne.com\/index.php?rest_route=%2Fwp%2Fv2%2Fmedia&parent=6568"}],"curies":[{"name":"wp","href":"https:\/\/api.w.org\/{rel}","templated":true}]}}